{"id":501,"date":"2021-05-08T10:13:06","date_gmt":"2021-05-08T08:13:06","guid":{"rendered":"http:\/\/riudelletres.cat\/?page_id=501"},"modified":"2021-05-08T10:13:06","modified_gmt":"2021-05-08T08:13:06","slug":"riudelletres-2019","status":"publish","type":"page","link":"https:\/\/riudelletres.cat\/index.php\/edicions-anteriors\/riudelletres-2019\/","title":{"rendered":"Riudelletres 2019"},"content":{"rendered":"\n<p>L&#8217;edici\u00f3 del Riudelletres 2019 va comptar amb la pres\u00e8ncia de professionals reputats del m\u00f3n de la literatura i amb tallers i xerrades que van complir amb les expectatives dels participants. La bona acollida va animar als organitzadors a continuar potenciant la pres\u00e8ncia de persones vinculades al m\u00f3n de la literatura des de fa anys per tal que donin el seu punt de vista i comparteixin l&#8217;experi\u00e8ncia i els coneixements amb tothom.<\/p>\n\n\n\n<figure class=\"wp-block-gallery columns-3 is-cropped\"><ul class=\"blocks-gallery-grid\"><li class=\"blocks-gallery-item\"><figure><img loading=\"lazy\" width=\"1024\" height=\"683\" src=\"http:\/\/riudelletres.cat\/wp-content\/uploads\/2020\/06\/DSC04297-1024x683.jpg\" alt=\"\" data-id=\"169\" data-link=\"http:\/\/riudelletres.cat\/index.php\/edicions-anteriors\/dsc04297\/\" class=\"wp-image-169\" srcset=\"https:\/\/riudelletres.cat\/wp-content\/uploads\/2020\/06\/DSC04297-1024x683.jpg 1024w, https:\/\/riudelletres.cat\/wp-content\/uploads\/2020\/06\/DSC04297-300x200.jpg 300w, https:\/\/riudelletres.cat\/wp-content\/uploads\/2020\/06\/DSC04297-768x512.jpg 768w\" sizes=\"(max-width: 1024px) 100vw, 1024px\" \/><\/figure><\/li><li class=\"blocks-gallery-item\"><figure><img loading=\"lazy\" width=\"1024\" height=\"683\" src=\"http:\/\/riudelletres.cat\/wp-content\/uploads\/2020\/06\/DSC04314-1024x683.jpg\" alt=\"\" data-id=\"170\" data-link=\"http:\/\/riudelletres.cat\/index.php\/edicions-anteriors\/dsc04314\/\" class=\"wp-image-170\" srcset=\"https:\/\/riudelletres.cat\/wp-content\/uploads\/2020\/06\/DSC04314-1024x683.jpg 1024w, https:\/\/riudelletres.cat\/wp-content\/uploads\/2020\/06\/DSC04314-300x200.jpg 300w, https:\/\/riudelletres.cat\/wp-content\/uploads\/2020\/06\/DSC04314-768x512.jpg 768w\" sizes=\"(max-width: 1024px) 100vw, 1024px\" \/><\/figure><\/li><li class=\"blocks-gallery-item\"><figure><img loading=\"lazy\" width=\"683\" height=\"1024\" src=\"http:\/\/riudelletres.cat\/wp-content\/uploads\/2020\/06\/DSC04317-683x1024.jpg\" alt=\"\" data-id=\"172\" data-link=\"http:\/\/riudelletres.cat\/index.php\/edicions-anteriors\/dsc04317\/\" class=\"wp-image-172\" srcset=\"https:\/\/riudelletres.cat\/wp-content\/uploads\/2020\/06\/DSC04317-683x1024.jpg 683w, https:\/\/riudelletres.cat\/wp-content\/uploads\/2020\/06\/DSC04317-200x300.jpg 200w, https:\/\/riudelletres.cat\/wp-content\/uploads\/2020\/06\/DSC04317-768x1152.jpg 768w\" sizes=\"(max-width: 683px) 100vw, 683px\" \/><\/figure><\/li><li class=\"blocks-gallery-item\"><figure><img loading=\"lazy\" width=\"1024\" height=\"683\" src=\"http:\/\/riudelletres.cat\/wp-content\/uploads\/2020\/06\/DSC04358-1024x683.jpg\" alt=\"\" data-id=\"173\" data-link=\"http:\/\/riudelletres.cat\/index.php\/edicions-anteriors\/dsc04358\/\" class=\"wp-image-173\" srcset=\"https:\/\/riudelletres.cat\/wp-content\/uploads\/2020\/06\/DSC04358-1024x683.jpg 1024w, https:\/\/riudelletres.cat\/wp-content\/uploads\/2020\/06\/DSC04358-300x200.jpg 300w, https:\/\/riudelletres.cat\/wp-content\/uploads\/2020\/06\/DSC04358-768x512.jpg 768w\" sizes=\"(max-width: 1024px) 100vw, 1024px\" \/><\/figure><\/li><li class=\"blocks-gallery-item\"><figure><img loading=\"lazy\" width=\"1024\" height=\"683\" src=\"http:\/\/riudelletres.cat\/wp-content\/uploads\/2020\/06\/DSC04364-1024x683.jpg\" alt=\"\" data-id=\"174\" data-link=\"http:\/\/riudelletres.cat\/index.php\/edicions-anteriors\/dsc04364-2\/\" class=\"wp-image-174\" srcset=\"https:\/\/riudelletres.cat\/wp-content\/uploads\/2020\/06\/DSC04364-1024x683.jpg 1024w, https:\/\/riudelletres.cat\/wp-content\/uploads\/2020\/06\/DSC04364-300x200.jpg 300w, https:\/\/riudelletres.cat\/wp-content\/uploads\/2020\/06\/DSC04364-768x512.jpg 768w\" sizes=\"(max-width: 1024px) 100vw, 1024px\" \/><\/figure><\/li><li class=\"blocks-gallery-item\"><figure><img loading=\"lazy\" width=\"1024\" height=\"683\" src=\"http:\/\/riudelletres.cat\/wp-content\/uploads\/2020\/06\/DSC04376-1024x683.jpg\" alt=\"\" data-id=\"175\" data-link=\"http:\/\/riudelletres.cat\/index.php\/edicions-anteriors\/dsc04376\/\" class=\"wp-image-175\" srcset=\"https:\/\/riudelletres.cat\/wp-content\/uploads\/2020\/06\/DSC04376-1024x683.jpg 1024w, https:\/\/riudelletres.cat\/wp-content\/uploads\/2020\/06\/DSC04376-300x200.jpg 300w, https:\/\/riudelletres.cat\/wp-content\/uploads\/2020\/06\/DSC04376-768x512.jpg 768w\" sizes=\"(max-width: 1024px) 100vw, 1024px\" \/><\/figure><\/li><li class=\"blocks-gallery-item\"><figure><img loading=\"lazy\" width=\"683\" height=\"1024\" src=\"http:\/\/riudelletres.cat\/wp-content\/uploads\/2020\/06\/DSC04387-683x1024.jpg\" alt=\"\" data-id=\"176\" data-link=\"http:\/\/riudelletres.cat\/index.php\/edicions-anteriors\/dsc04387\/\" class=\"wp-image-176\" srcset=\"https:\/\/riudelletres.cat\/wp-content\/uploads\/2020\/06\/DSC04387-683x1024.jpg 683w, https:\/\/riudelletres.cat\/wp-content\/uploads\/2020\/06\/DSC04387-200x300.jpg 200w, https:\/\/riudelletres.cat\/wp-content\/uploads\/2020\/06\/DSC04387-768x1152.jpg 768w\" sizes=\"(max-width: 683px) 100vw, 683px\" \/><\/figure><\/li><li class=\"blocks-gallery-item\"><figure><img loading=\"lazy\" width=\"683\" height=\"1024\" src=\"http:\/\/riudelletres.cat\/wp-content\/uploads\/2020\/06\/DSC04409-683x1024.jpg\" alt=\"\" data-id=\"177\" data-link=\"http:\/\/riudelletres.cat\/index.php\/edicions-anteriors\/dsc04409\/\" class=\"wp-image-177\" srcset=\"https:\/\/riudelletres.cat\/wp-content\/uploads\/2020\/06\/DSC04409-683x1024.jpg 683w, https:\/\/riudelletres.cat\/wp-content\/uploads\/2020\/06\/DSC04409-200x300.jpg 200w, https:\/\/riudelletres.cat\/wp-content\/uploads\/2020\/06\/DSC04409-768x1152.jpg 768w\" sizes=\"(max-width: 683px) 100vw, 683px\" \/><\/figure><\/li><li class=\"blocks-gallery-item\"><figure><img loading=\"lazy\" width=\"1024\" height=\"683\" src=\"http:\/\/riudelletres.cat\/wp-content\/uploads\/2020\/06\/DSC04417-1024x683.jpg\" alt=\"\" data-id=\"178\" data-link=\"http:\/\/riudelletres.cat\/index.php\/edicions-anteriors\/dsc04417-2\/\" class=\"wp-image-178\" srcset=\"https:\/\/riudelletres.cat\/wp-content\/uploads\/2020\/06\/DSC04417-1024x683.jpg 1024w, https:\/\/riudelletres.cat\/wp-content\/uploads\/2020\/06\/DSC04417-300x200.jpg 300w, https:\/\/riudelletres.cat\/wp-content\/uploads\/2020\/06\/DSC04417-768x512.jpg 768w\" sizes=\"(max-width: 1024px) 100vw, 1024px\" \/><\/figure><\/li><li class=\"blocks-gallery-item\"><figure><img loading=\"lazy\" width=\"1024\" height=\"683\" src=\"http:\/\/riudelletres.cat\/wp-content\/uploads\/2020\/06\/DSC04418-1024x683.jpg\" alt=\"\" data-id=\"179\" data-link=\"http:\/\/riudelletres.cat\/index.php\/edicions-anteriors\/dsc04418\/\" class=\"wp-image-179\" srcset=\"https:\/\/riudelletres.cat\/wp-content\/uploads\/2020\/06\/DSC04418-1024x683.jpg 1024w, https:\/\/riudelletres.cat\/wp-content\/uploads\/2020\/06\/DSC04418-300x200.jpg 300w, https:\/\/riudelletres.cat\/wp-content\/uploads\/2020\/06\/DSC04418-768x512.jpg 768w\" sizes=\"(max-width: 1024px) 100vw, 1024px\" \/><\/figure><\/li><li class=\"blocks-gallery-item\"><figure><img loading=\"lazy\" width=\"1024\" height=\"683\" src=\"http:\/\/riudelletres.cat\/wp-content\/uploads\/2020\/06\/DSC04421-1024x683.jpg\" alt=\"\" data-id=\"180\" data-link=\"http:\/\/riudelletres.cat\/index.php\/edicions-anteriors\/dsc04421\/\" class=\"wp-image-180\" srcset=\"https:\/\/riudelletres.cat\/wp-content\/uploads\/2020\/06\/DSC04421-1024x683.jpg 1024w, https:\/\/riudelletres.cat\/wp-content\/uploads\/2020\/06\/DSC04421-300x200.jpg 300w, https:\/\/riudelletres.cat\/wp-content\/uploads\/2020\/06\/DSC04421-768x512.jpg 768w\" sizes=\"(max-width: 1024px) 100vw, 1024px\" \/><\/figure><\/li><li class=\"blocks-gallery-item\"><figure><img loading=\"lazy\" width=\"1024\" height=\"683\" src=\"http:\/\/riudelletres.cat\/wp-content\/uploads\/2020\/06\/DSC04430-1024x683.jpg\" alt=\"\" data-id=\"181\" data-link=\"http:\/\/riudelletres.cat\/index.php\/edicions-anteriors\/dsc04430\/\" class=\"wp-image-181\" srcset=\"https:\/\/riudelletres.cat\/wp-content\/uploads\/2020\/06\/DSC04430-1024x683.jpg 1024w, https:\/\/riudelletres.cat\/wp-content\/uploads\/2020\/06\/DSC04430-300x200.jpg 300w, https:\/\/riudelletres.cat\/wp-content\/uploads\/2020\/06\/DSC04430-768x512.jpg 768w\" sizes=\"(max-width: 1024px) 100vw, 1024px\" \/><\/figure><\/li><\/ul><\/figure>\n\n\n\n<figure class=\"wp-block-image\"><img loading=\"lazy\" width=\"1024\" height=\"724\" src=\"http:\/\/riudelletres.cat\/wp-content\/uploads\/2019\/08\/fitxa-Carlota-Torrents-1024x724.png\" alt=\"\" class=\"wp-image-138\" srcset=\"https:\/\/riudelletres.cat\/wp-content\/uploads\/2019\/08\/fitxa-Carlota-Torrents-1024x724.png 1024w, https:\/\/riudelletres.cat\/wp-content\/uploads\/2019\/08\/fitxa-Carlota-Torrents-300x212.png 300w, https:\/\/riudelletres.cat\/wp-content\/uploads\/2019\/08\/fitxa-Carlota-Torrents-768x543.png 768w, https:\/\/riudelletres.cat\/wp-content\/uploads\/2019\/08\/fitxa-Carlota-Torrents.png 1062w\" sizes=\"(max-width: 1024px) 100vw, 1024px\" \/><\/figure>\n\n\n\n<figure class=\"wp-block-image\"><img loading=\"lazy\" width=\"992\" height=\"703\" src=\"http:\/\/riudelletres.cat\/wp-content\/uploads\/2019\/07\/fitxa-ester-barque\u0301-1.png\" alt=\"\" class=\"wp-image-128\" srcset=\"https:\/\/riudelletres.cat\/wp-content\/uploads\/2019\/07\/fitxa-ester-barque\u0301-1.png 992w, https:\/\/riudelletres.cat\/wp-content\/uploads\/2019\/07\/fitxa-ester-barque\u0301-1-300x213.png 300w, https:\/\/riudelletres.cat\/wp-content\/uploads\/2019\/07\/fitxa-ester-barque\u0301-1-768x544.png 768w\" sizes=\"(max-width: 992px) 100vw, 992px\" \/><\/figure>\n\n\n\n<figure class=\"wp-block-image\"><img loading=\"lazy\" width=\"1024\" height=\"727\" src=\"http:\/\/riudelletres.cat\/wp-content\/uploads\/2019\/07\/fitxa-Ramon-Garrido-1-1024x727.png\" alt=\"\" class=\"wp-image-87\" srcset=\"https:\/\/riudelletres.cat\/wp-content\/uploads\/2019\/07\/fitxa-Ramon-Garrido-1-1024x727.png 1024w, https:\/\/riudelletres.cat\/wp-content\/uploads\/2019\/07\/fitxa-Ramon-Garrido-1-300x213.png 300w, https:\/\/riudelletres.cat\/wp-content\/uploads\/2019\/07\/fitxa-Ramon-Garrido-1-768x545.png 768w, https:\/\/riudelletres.cat\/wp-content\/uploads\/2019\/07\/fitxa-Ramon-Garrido-1.png 1096w\" sizes=\"(max-width: 1024px) 100vw, 1024px\" \/><\/figure>\n\n\n\n<figure class=\"wp-block-image\"><img loading=\"lazy\" width=\"1024\" height=\"724\" src=\"http:\/\/riudelletres.cat\/wp-content\/uploads\/2019\/07\/fitxa-Eric-del-Arco-1024x724.png\" alt=\"\" class=\"wp-image-72\" srcset=\"https:\/\/riudelletres.cat\/wp-content\/uploads\/2019\/07\/fitxa-Eric-del-Arco-1024x724.png 1024w, https:\/\/riudelletres.cat\/wp-content\/uploads\/2019\/07\/fitxa-Eric-del-Arco-300x212.png 300w, https:\/\/riudelletres.cat\/wp-content\/uploads\/2019\/07\/fitxa-Eric-del-Arco-768x543.png 768w, https:\/\/riudelletres.cat\/wp-content\/uploads\/2019\/07\/fitxa-Eric-del-Arco.png 1096w\" sizes=\"(max-width: 1024px) 100vw, 1024px\" \/><\/figure>\n\n\n\n<figure class=\"wp-block-image\"><img loading=\"lazy\" width=\"1024\" height=\"725\" src=\"http:\/\/riudelletres.cat\/wp-content\/uploads\/2019\/07\/fitxa-Vale\u0300ria-Gaillard-1-1024x725.png\" alt=\"\" class=\"wp-image-123\" srcset=\"https:\/\/riudelletres.cat\/wp-content\/uploads\/2019\/07\/fitxa-Vale\u0300ria-Gaillard-1-1024x725.png 1024w, https:\/\/riudelletres.cat\/wp-content\/uploads\/2019\/07\/fitxa-Vale\u0300ria-Gaillard-1-300x212.png 300w, https:\/\/riudelletres.cat\/wp-content\/uploads\/2019\/07\/fitxa-Vale\u0300ria-Gaillard-1-768x543.png 768w, https:\/\/riudelletres.cat\/wp-content\/uploads\/2019\/07\/fitxa-Vale\u0300ria-Gaillard-1.png 1057w\" sizes=\"(max-width: 1024px) 100vw, 1024px\" \/><\/figure>\n\n\n\n<figure class=\"wp-block-image\"><img loading=\"lazy\" width=\"1024\" height=\"726\" src=\"http:\/\/riudelletres.cat\/wp-content\/uploads\/2019\/07\/fitxa-Bernat-Puigtobella-1024x726.png\" alt=\"\" class=\"wp-image-71\" srcset=\"https:\/\/riudelletres.cat\/wp-content\/uploads\/2019\/07\/fitxa-Bernat-Puigtobella-1024x726.png 1024w, https:\/\/riudelletres.cat\/wp-content\/uploads\/2019\/07\/fitxa-Bernat-Puigtobella-300x213.png 300w, https:\/\/riudelletres.cat\/wp-content\/uploads\/2019\/07\/fitxa-Bernat-Puigtobella-768x545.png 768w, https:\/\/riudelletres.cat\/wp-content\/uploads\/2019\/07\/fitxa-Bernat-Puigtobella.png 1091w\" sizes=\"(max-width: 1024px) 100vw, 1024px\" \/><\/figure>\n\n\n\n<p><\/p>\n","protected":false},"excerpt":{"rendered":"<p>L&#8217;edici\u00f3 del Riudelletres 2019 va comptar amb la pres\u00e8ncia de professionals reputats del m\u00f3n de la literatura i amb tallers i xerrades que van complir amb les expectatives dels participants. La bona acollida va animar<\/p>\n","protected":false},"author":1,"featured_media":0,"parent":31,"menu_order":0,"comment_status":"closed","ping_status":"closed","template":"","meta":[],"_links":{"self":[{"href":"https:\/\/riudelletres.cat\/index.php\/wp-json\/wp\/v2\/pages\/501"}],"collection":[{"href":"https:\/\/riudelletres.cat\/index.php\/wp-json\/wp\/v2\/pages"}],"about":[{"href":"https:\/\/riudelletres.cat\/index.php\/wp-json\/wp\/v2\/types\/page"}],"author":[{"embeddable":true,"href":"https:\/\/riudelletres.cat\/index.php\/wp-json\/wp\/v2\/users\/1"}],"replies":[{"embeddable":true,"href":"https:\/\/riudelletres.cat\/index.php\/wp-json\/wp\/v2\/comments?post=501"}],"version-history":[{"count":1,"href":"https:\/\/riudelletres.cat\/index.php\/wp-json\/wp\/v2\/pages\/501\/revisions"}],"predecessor-version":[{"id":502,"href":"https:\/\/riudelletres.cat\/index.php\/wp-json\/wp\/v2\/pages\/501\/revisions\/502"}],"up":[{"embeddable":true,"href":"https:\/\/riudelletres.cat\/index.php\/wp-json\/wp\/v2\/pages\/31"}],"wp:attachment":[{"href":"https:\/\/riudelletres.cat\/index.php\/wp-json\/wp\/v2\/media?parent=501"}],"curies":[{"name":"wp","href":"https:\/\/api.w.org\/{rel}","templated":true}]}}