{"id":1280,"date":"2025-07-29T12:03:59","date_gmt":"2025-07-29T10:03:59","guid":{"rendered":"https:\/\/riudelletres.cat\/?page_id=1280"},"modified":"2026-02-11T06:50:24","modified_gmt":"2026-02-11T05:50:24","slug":"riudelletres-2025-2","status":"publish","type":"page","link":"https:\/\/riudelletres.cat\/index.php\/riudelletres-2025-2\/","title":{"rendered":"Riudelletres 2025"},"content":{"rendered":"\n<figure class=\"wp-block-gallery columns-3 is-cropped\"><ul class=\"blocks-gallery-grid\"><li class=\"blocks-gallery-item\"><figure><img loading=\"lazy\" width=\"768\" height=\"1024\" src=\"http:\/\/riudelletres.cat\/wp-content\/uploads\/2025\/09\/image00033-768x1024.jpeg\" alt=\"\" data-id=\"1317\" data-link=\"https:\/\/riudelletres.cat\/index.php\/riudelletres-2025\/image00033\/\" class=\"wp-image-1317\" srcset=\"https:\/\/riudelletres.cat\/wp-content\/uploads\/2025\/09\/image00033-768x1024.jpeg 768w, https:\/\/riudelletres.cat\/wp-content\/uploads\/2025\/09\/image00033-225x300.jpeg 225w, https:\/\/riudelletres.cat\/wp-content\/uploads\/2025\/09\/image00033-1152x1536.jpeg 1152w, https:\/\/riudelletres.cat\/wp-content\/uploads\/2025\/09\/image00033-1536x2048.jpeg 1536w, https:\/\/riudelletres.cat\/wp-content\/uploads\/2025\/09\/image00033-scaled.jpeg 1920w\" sizes=\"(max-width: 768px) 100vw, 768px\" \/><\/figure><\/li><li class=\"blocks-gallery-item\"><figure><img loading=\"lazy\" width=\"768\" height=\"1024\" src=\"http:\/\/riudelletres.cat\/wp-content\/uploads\/2025\/09\/image00002-768x1024.jpeg\" alt=\"\" data-id=\"1316\" data-link=\"https:\/\/riudelletres.cat\/index.php\/riudelletres-2025\/image00002\/\" class=\"wp-image-1316\" srcset=\"https:\/\/riudelletres.cat\/wp-content\/uploads\/2025\/09\/image00002-768x1024.jpeg 768w, https:\/\/riudelletres.cat\/wp-content\/uploads\/2025\/09\/image00002-225x300.jpeg 225w, https:\/\/riudelletres.cat\/wp-content\/uploads\/2025\/09\/image00002-1152x1536.jpeg 1152w, https:\/\/riudelletres.cat\/wp-content\/uploads\/2025\/09\/image00002-1536x2048.jpeg 1536w, https:\/\/riudelletres.cat\/wp-content\/uploads\/2025\/09\/image00002-scaled.jpeg 1920w\" sizes=\"(max-width: 768px) 100vw, 768px\" \/><\/figure><\/li><li class=\"blocks-gallery-item\"><figure><img loading=\"lazy\" width=\"1024\" height=\"768\" src=\"http:\/\/riudelletres.cat\/wp-content\/uploads\/2025\/09\/image00007-1024x768.jpeg\" alt=\"\" data-id=\"1315\" data-link=\"https:\/\/riudelletres.cat\/index.php\/riudelletres-2025\/image00007\/\" class=\"wp-image-1315\" srcset=\"https:\/\/riudelletres.cat\/wp-content\/uploads\/2025\/09\/image00007-1024x768.jpeg 1024w, https:\/\/riudelletres.cat\/wp-content\/uploads\/2025\/09\/image00007-300x225.jpeg 300w, https:\/\/riudelletres.cat\/wp-content\/uploads\/2025\/09\/image00007-768x576.jpeg 768w, https:\/\/riudelletres.cat\/wp-content\/uploads\/2025\/09\/image00007-1536x1152.jpeg 1536w, https:\/\/riudelletres.cat\/wp-content\/uploads\/2025\/09\/image00007-2048x1536.jpeg 2048w, https:\/\/riudelletres.cat\/wp-content\/uploads\/2025\/09\/image00007-840x630.jpeg 840w, https:\/\/riudelletres.cat\/wp-content\/uploads\/2025\/09\/image00007-440x330.jpeg 440w\" sizes=\"(max-width: 1024px) 100vw, 1024px\" \/><\/figure><\/li><li class=\"blocks-gallery-item\"><figure><img loading=\"lazy\" width=\"768\" height=\"1024\" src=\"http:\/\/riudelletres.cat\/wp-content\/uploads\/2025\/09\/image00030-768x1024.jpeg\" alt=\"\" data-id=\"1314\" data-link=\"https:\/\/riudelletres.cat\/index.php\/riudelletres-2025\/image00030-2\/\" class=\"wp-image-1314\" srcset=\"https:\/\/riudelletres.cat\/wp-content\/uploads\/2025\/09\/image00030-768x1024.jpeg 768w, https:\/\/riudelletres.cat\/wp-content\/uploads\/2025\/09\/image00030-225x300.jpeg 225w, https:\/\/riudelletres.cat\/wp-content\/uploads\/2025\/09\/image00030-1152x1536.jpeg 1152w, https:\/\/riudelletres.cat\/wp-content\/uploads\/2025\/09\/image00030-1536x2048.jpeg 1536w, https:\/\/riudelletres.cat\/wp-content\/uploads\/2025\/09\/image00030-scaled.jpeg 1920w\" sizes=\"(max-width: 768px) 100vw, 768px\" \/><\/figure><\/li><li class=\"blocks-gallery-item\"><figure><img loading=\"lazy\" width=\"1024\" height=\"768\" src=\"http:\/\/riudelletres.cat\/wp-content\/uploads\/2025\/09\/image00038-1024x768.jpeg\" alt=\"\" data-id=\"1311\" data-link=\"https:\/\/riudelletres.cat\/index.php\/riudelletres-2025\/image00038-2\/\" class=\"wp-image-1311\" srcset=\"https:\/\/riudelletres.cat\/wp-content\/uploads\/2025\/09\/image00038-1024x768.jpeg 1024w, https:\/\/riudelletres.cat\/wp-content\/uploads\/2025\/09\/image00038-300x225.jpeg 300w, https:\/\/riudelletres.cat\/wp-content\/uploads\/2025\/09\/image00038-768x576.jpeg 768w, https:\/\/riudelletres.cat\/wp-content\/uploads\/2025\/09\/image00038-1536x1152.jpeg 1536w, https:\/\/riudelletres.cat\/wp-content\/uploads\/2025\/09\/image00038-2048x1536.jpeg 2048w, https:\/\/riudelletres.cat\/wp-content\/uploads\/2025\/09\/image00038-840x630.jpeg 840w, https:\/\/riudelletres.cat\/wp-content\/uploads\/2025\/09\/image00038-440x330.jpeg 440w\" sizes=\"(max-width: 1024px) 100vw, 1024px\" \/><\/figure><\/li><li class=\"blocks-gallery-item\"><figure><img loading=\"lazy\" width=\"768\" height=\"1024\" src=\"http:\/\/riudelletres.cat\/wp-content\/uploads\/2025\/09\/image00113-768x1024.jpeg\" alt=\"\" data-id=\"1312\" data-link=\"https:\/\/riudelletres.cat\/index.php\/riudelletres-2025\/image00113\/\" class=\"wp-image-1312\" srcset=\"https:\/\/riudelletres.cat\/wp-content\/uploads\/2025\/09\/image00113-768x1024.jpeg 768w, https:\/\/riudelletres.cat\/wp-content\/uploads\/2025\/09\/image00113-225x300.jpeg 225w, https:\/\/riudelletres.cat\/wp-content\/uploads\/2025\/09\/image00113-1152x1536.jpeg 1152w, https:\/\/riudelletres.cat\/wp-content\/uploads\/2025\/09\/image00113-1536x2048.jpeg 1536w, https:\/\/riudelletres.cat\/wp-content\/uploads\/2025\/09\/image00113-scaled.jpeg 1920w\" sizes=\"(max-width: 768px) 100vw, 768px\" \/><\/figure><\/li><li class=\"blocks-gallery-item\"><figure><img loading=\"lazy\" width=\"1024\" height=\"768\" src=\"http:\/\/riudelletres.cat\/wp-content\/uploads\/2025\/09\/image00091-1024x768.jpeg\" alt=\"\" data-id=\"1313\" data-link=\"https:\/\/riudelletres.cat\/index.php\/riudelletres-2025\/image00091\/\" class=\"wp-image-1313\" srcset=\"https:\/\/riudelletres.cat\/wp-content\/uploads\/2025\/09\/image00091-1024x768.jpeg 1024w, https:\/\/riudelletres.cat\/wp-content\/uploads\/2025\/09\/image00091-300x225.jpeg 300w, https:\/\/riudelletres.cat\/wp-content\/uploads\/2025\/09\/image00091-768x576.jpeg 768w, https:\/\/riudelletres.cat\/wp-content\/uploads\/2025\/09\/image00091-1536x1152.jpeg 1536w, https:\/\/riudelletres.cat\/wp-content\/uploads\/2025\/09\/image00091-2048x1536.jpeg 2048w, https:\/\/riudelletres.cat\/wp-content\/uploads\/2025\/09\/image00091-840x630.jpeg 840w, https:\/\/riudelletres.cat\/wp-content\/uploads\/2025\/09\/image00091-440x330.jpeg 440w\" sizes=\"(max-width: 1024px) 100vw, 1024px\" \/><\/figure><\/li><li class=\"blocks-gallery-item\"><figure><img loading=\"lazy\" width=\"768\" height=\"1024\" src=\"https:\/\/riudelletres.cat\/wp-content\/uploads\/2026\/02\/Riudelletres_2025_12-768x1024.jpeg\" alt=\"\" data-id=\"1327\" data-full-url=\"https:\/\/riudelletres.cat\/wp-content\/uploads\/2026\/02\/Riudelletres_2025_12-scaled.jpeg\" data-link=\"https:\/\/riudelletres.cat\/index.php\/riudelletres-2025-2\/riudelletres_2025_12\/\" class=\"wp-image-1327\" srcset=\"https:\/\/riudelletres.cat\/wp-content\/uploads\/2026\/02\/Riudelletres_2025_12-768x1024.jpeg 768w, https:\/\/riudelletres.cat\/wp-content\/uploads\/2026\/02\/Riudelletres_2025_12-225x300.jpeg 225w, https:\/\/riudelletres.cat\/wp-content\/uploads\/2026\/02\/Riudelletres_2025_12-1152x1536.jpeg 1152w, https:\/\/riudelletres.cat\/wp-content\/uploads\/2026\/02\/Riudelletres_2025_12-1536x2048.jpeg 1536w, https:\/\/riudelletres.cat\/wp-content\/uploads\/2026\/02\/Riudelletres_2025_12-scaled.jpeg 1920w\" sizes=\"(max-width: 768px) 100vw, 768px\" \/><\/figure><\/li><li class=\"blocks-gallery-item\"><figure><img loading=\"lazy\" width=\"1024\" height=\"768\" src=\"https:\/\/riudelletres.cat\/wp-content\/uploads\/2026\/02\/Riudelletres_2025_20-1024x768.jpeg\" alt=\"\" data-id=\"1328\" data-full-url=\"https:\/\/riudelletres.cat\/wp-content\/uploads\/2026\/02\/Riudelletres_2025_20-scaled.jpeg\" data-link=\"https:\/\/riudelletres.cat\/index.php\/riudelletres-2025-2\/riudelletres_2025_20\/\" class=\"wp-image-1328\" srcset=\"https:\/\/riudelletres.cat\/wp-content\/uploads\/2026\/02\/Riudelletres_2025_20-1024x768.jpeg 1024w, https:\/\/riudelletres.cat\/wp-content\/uploads\/2026\/02\/Riudelletres_2025_20-300x225.jpeg 300w, https:\/\/riudelletres.cat\/wp-content\/uploads\/2026\/02\/Riudelletres_2025_20-768x576.jpeg 768w, https:\/\/riudelletres.cat\/wp-content\/uploads\/2026\/02\/Riudelletres_2025_20-1536x1152.jpeg 1536w, https:\/\/riudelletres.cat\/wp-content\/uploads\/2026\/02\/Riudelletres_2025_20-2048x1536.jpeg 2048w, https:\/\/riudelletres.cat\/wp-content\/uploads\/2026\/02\/Riudelletres_2025_20-840x630.jpeg 840w, https:\/\/riudelletres.cat\/wp-content\/uploads\/2026\/02\/Riudelletres_2025_20-440x330.jpeg 440w\" sizes=\"(max-width: 1024px) 100vw, 1024px\" \/><\/figure><\/li><li class=\"blocks-gallery-item\"><figure><img loading=\"lazy\" width=\"768\" height=\"1024\" src=\"https:\/\/riudelletres.cat\/wp-content\/uploads\/2026\/02\/Riudelletres_2025_26-768x1024.jpeg\" alt=\"\" data-id=\"1329\" data-full-url=\"https:\/\/riudelletres.cat\/wp-content\/uploads\/2026\/02\/Riudelletres_2025_26-scaled.jpeg\" data-link=\"https:\/\/riudelletres.cat\/index.php\/riudelletres-2025-2\/riudelletres_2025_26\/\" class=\"wp-image-1329\" srcset=\"https:\/\/riudelletres.cat\/wp-content\/uploads\/2026\/02\/Riudelletres_2025_26-768x1024.jpeg 768w, https:\/\/riudelletres.cat\/wp-content\/uploads\/2026\/02\/Riudelletres_2025_26-225x300.jpeg 225w, https:\/\/riudelletres.cat\/wp-content\/uploads\/2026\/02\/Riudelletres_2025_26-1152x1536.jpeg 1152w, https:\/\/riudelletres.cat\/wp-content\/uploads\/2026\/02\/Riudelletres_2025_26-1536x2048.jpeg 1536w, https:\/\/riudelletres.cat\/wp-content\/uploads\/2026\/02\/Riudelletres_2025_26-scaled.jpeg 1920w\" sizes=\"(max-width: 768px) 100vw, 768px\" \/><\/figure><\/li><li class=\"blocks-gallery-item\"><figure><img loading=\"lazy\" width=\"768\" height=\"1024\" src=\"https:\/\/riudelletres.cat\/wp-content\/uploads\/2026\/02\/Riudelletres_2025_28-768x1024.jpeg\" alt=\"\" data-id=\"1330\" data-full-url=\"https:\/\/riudelletres.cat\/wp-content\/uploads\/2026\/02\/Riudelletres_2025_28-scaled.jpeg\" data-link=\"https:\/\/riudelletres.cat\/index.php\/riudelletres-2025-2\/riudelletres_2025_28\/\" class=\"wp-image-1330\" srcset=\"https:\/\/riudelletres.cat\/wp-content\/uploads\/2026\/02\/Riudelletres_2025_28-768x1024.jpeg 768w, https:\/\/riudelletres.cat\/wp-content\/uploads\/2026\/02\/Riudelletres_2025_28-225x300.jpeg 225w, https:\/\/riudelletres.cat\/wp-content\/uploads\/2026\/02\/Riudelletres_2025_28-1152x1536.jpeg 1152w, https:\/\/riudelletres.cat\/wp-content\/uploads\/2026\/02\/Riudelletres_2025_28-1536x2048.jpeg 1536w, https:\/\/riudelletres.cat\/wp-content\/uploads\/2026\/02\/Riudelletres_2025_28-scaled.jpeg 1920w\" sizes=\"(max-width: 768px) 100vw, 768px\" \/><\/figure><\/li><li class=\"blocks-gallery-item\"><figure><img loading=\"lazy\" width=\"1024\" height=\"768\" src=\"https:\/\/riudelletres.cat\/wp-content\/uploads\/2026\/02\/Riudelletres_2025_35-1024x768.jpeg\" alt=\"\" data-id=\"1331\" data-full-url=\"https:\/\/riudelletres.cat\/wp-content\/uploads\/2026\/02\/Riudelletres_2025_35-scaled.jpeg\" data-link=\"https:\/\/riudelletres.cat\/index.php\/riudelletres-2025-2\/riudelletres_2025_35\/\" class=\"wp-image-1331\" srcset=\"https:\/\/riudelletres.cat\/wp-content\/uploads\/2026\/02\/Riudelletres_2025_35-1024x768.jpeg 1024w, https:\/\/riudelletres.cat\/wp-content\/uploads\/2026\/02\/Riudelletres_2025_35-300x225.jpeg 300w, https:\/\/riudelletres.cat\/wp-content\/uploads\/2026\/02\/Riudelletres_2025_35-768x576.jpeg 768w, https:\/\/riudelletres.cat\/wp-content\/uploads\/2026\/02\/Riudelletres_2025_35-1536x1152.jpeg 1536w, https:\/\/riudelletres.cat\/wp-content\/uploads\/2026\/02\/Riudelletres_2025_35-2048x1536.jpeg 2048w, https:\/\/riudelletres.cat\/wp-content\/uploads\/2026\/02\/Riudelletres_2025_35-840x630.jpeg 840w, https:\/\/riudelletres.cat\/wp-content\/uploads\/2026\/02\/Riudelletres_2025_35-440x330.jpeg 440w\" sizes=\"(max-width: 1024px) 100vw, 1024px\" \/><\/figure><\/li><li class=\"blocks-gallery-item\"><figure><img loading=\"lazy\" width=\"768\" height=\"1024\" src=\"https:\/\/riudelletres.cat\/wp-content\/uploads\/2026\/02\/Riudelletres_2025_45-768x1024.jpeg\" alt=\"\" data-id=\"1332\" data-full-url=\"https:\/\/riudelletres.cat\/wp-content\/uploads\/2026\/02\/Riudelletres_2025_45-scaled.jpeg\" data-link=\"https:\/\/riudelletres.cat\/index.php\/riudelletres-2025-2\/riudelletres_2025_45\/\" class=\"wp-image-1332\" srcset=\"https:\/\/riudelletres.cat\/wp-content\/uploads\/2026\/02\/Riudelletres_2025_45-768x1024.jpeg 768w, https:\/\/riudelletres.cat\/wp-content\/uploads\/2026\/02\/Riudelletres_2025_45-225x300.jpeg 225w, https:\/\/riudelletres.cat\/wp-content\/uploads\/2026\/02\/Riudelletres_2025_45-1152x1536.jpeg 1152w, https:\/\/riudelletres.cat\/wp-content\/uploads\/2026\/02\/Riudelletres_2025_45-1536x2048.jpeg 1536w, https:\/\/riudelletres.cat\/wp-content\/uploads\/2026\/02\/Riudelletres_2025_45-scaled.jpeg 1920w\" sizes=\"(max-width: 768px) 100vw, 768px\" \/><\/figure><\/li><li class=\"blocks-gallery-item\"><figure><img loading=\"lazy\" width=\"768\" height=\"1024\" src=\"https:\/\/riudelletres.cat\/wp-content\/uploads\/2026\/02\/Riudelletres_2025_52-768x1024.jpeg\" alt=\"\" data-id=\"1333\" data-full-url=\"https:\/\/riudelletres.cat\/wp-content\/uploads\/2026\/02\/Riudelletres_2025_52-scaled.jpeg\" data-link=\"https:\/\/riudelletres.cat\/index.php\/riudelletres-2025-2\/riudelletres_2025_52\/\" class=\"wp-image-1333\" srcset=\"https:\/\/riudelletres.cat\/wp-content\/uploads\/2026\/02\/Riudelletres_2025_52-768x1024.jpeg 768w, https:\/\/riudelletres.cat\/wp-content\/uploads\/2026\/02\/Riudelletres_2025_52-225x300.jpeg 225w, https:\/\/riudelletres.cat\/wp-content\/uploads\/2026\/02\/Riudelletres_2025_52-1152x1536.jpeg 1152w, https:\/\/riudelletres.cat\/wp-content\/uploads\/2026\/02\/Riudelletres_2025_52-1536x2048.jpeg 1536w, https:\/\/riudelletres.cat\/wp-content\/uploads\/2026\/02\/Riudelletres_2025_52-scaled.jpeg 1920w\" sizes=\"(max-width: 768px) 100vw, 768px\" \/><\/figure><\/li><li class=\"blocks-gallery-item\"><figure><img loading=\"lazy\" width=\"768\" height=\"1024\" src=\"https:\/\/riudelletres.cat\/wp-content\/uploads\/2026\/02\/Riudelletres_2025_74-768x1024.jpeg\" alt=\"\" data-id=\"1334\" data-full-url=\"https:\/\/riudelletres.cat\/wp-content\/uploads\/2026\/02\/Riudelletres_2025_74-scaled.jpeg\" data-link=\"https:\/\/riudelletres.cat\/index.php\/riudelletres-2025-2\/riudelletres_2025_74\/\" class=\"wp-image-1334\" srcset=\"https:\/\/riudelletres.cat\/wp-content\/uploads\/2026\/02\/Riudelletres_2025_74-768x1024.jpeg 768w, https:\/\/riudelletres.cat\/wp-content\/uploads\/2026\/02\/Riudelletres_2025_74-225x300.jpeg 225w, https:\/\/riudelletres.cat\/wp-content\/uploads\/2026\/02\/Riudelletres_2025_74-1152x1536.jpeg 1152w, https:\/\/riudelletres.cat\/wp-content\/uploads\/2026\/02\/Riudelletres_2025_74-1536x2048.jpeg 1536w, https:\/\/riudelletres.cat\/wp-content\/uploads\/2026\/02\/Riudelletres_2025_74-scaled.jpeg 1920w\" sizes=\"(max-width: 768px) 100vw, 768px\" \/><\/figure><\/li><li class=\"blocks-gallery-item\"><figure><img loading=\"lazy\" width=\"768\" height=\"1024\" src=\"https:\/\/riudelletres.cat\/wp-content\/uploads\/2026\/02\/Riudelletres_2025_81-768x1024.jpeg\" alt=\"\" data-id=\"1335\" data-full-url=\"https:\/\/riudelletres.cat\/wp-content\/uploads\/2026\/02\/Riudelletres_2025_81-scaled.jpeg\" data-link=\"https:\/\/riudelletres.cat\/index.php\/riudelletres-2025-2\/riudelletres_2025_81\/\" class=\"wp-image-1335\" srcset=\"https:\/\/riudelletres.cat\/wp-content\/uploads\/2026\/02\/Riudelletres_2025_81-768x1024.jpeg 768w, https:\/\/riudelletres.cat\/wp-content\/uploads\/2026\/02\/Riudelletres_2025_81-225x300.jpeg 225w, https:\/\/riudelletres.cat\/wp-content\/uploads\/2026\/02\/Riudelletres_2025_81-1152x1536.jpeg 1152w, https:\/\/riudelletres.cat\/wp-content\/uploads\/2026\/02\/Riudelletres_2025_81-1536x2048.jpeg 1536w, https:\/\/riudelletres.cat\/wp-content\/uploads\/2026\/02\/Riudelletres_2025_81-scaled.jpeg 1920w\" sizes=\"(max-width: 768px) 100vw, 768px\" \/><\/figure><\/li><li class=\"blocks-gallery-item\"><figure><img loading=\"lazy\" width=\"1024\" height=\"768\" src=\"https:\/\/riudelletres.cat\/wp-content\/uploads\/2026\/02\/Riudelletres_2025_95-1024x768.jpeg\" alt=\"\" data-id=\"1336\" data-full-url=\"https:\/\/riudelletres.cat\/wp-content\/uploads\/2026\/02\/Riudelletres_2025_95-scaled.jpeg\" data-link=\"https:\/\/riudelletres.cat\/index.php\/riudelletres-2025-2\/riudelletres_2025_95\/\" class=\"wp-image-1336\" srcset=\"https:\/\/riudelletres.cat\/wp-content\/uploads\/2026\/02\/Riudelletres_2025_95-1024x768.jpeg 1024w, https:\/\/riudelletres.cat\/wp-content\/uploads\/2026\/02\/Riudelletres_2025_95-300x225.jpeg 300w, https:\/\/riudelletres.cat\/wp-content\/uploads\/2026\/02\/Riudelletres_2025_95-768x576.jpeg 768w, https:\/\/riudelletres.cat\/wp-content\/uploads\/2026\/02\/Riudelletres_2025_95-1536x1152.jpeg 1536w, https:\/\/riudelletres.cat\/wp-content\/uploads\/2026\/02\/Riudelletres_2025_95-2048x1536.jpeg 2048w, https:\/\/riudelletres.cat\/wp-content\/uploads\/2026\/02\/Riudelletres_2025_95-840x630.jpeg 840w, https:\/\/riudelletres.cat\/wp-content\/uploads\/2026\/02\/Riudelletres_2025_95-440x330.jpeg 440w\" sizes=\"(max-width: 1024px) 100vw, 1024px\" \/><\/figure><\/li><\/ul><\/figure>\n\n\n\n<p>El Riudelletres 2025 comen\u00e7a amb una pr\u00e8via especial perqu\u00e8 l\u2019autora Elena Solanas presenta el llibre sobre Florencio Pla &#8220;La Pastora\u201d a la biblioteca Maria \u00c0ngels Torrents el divendres 12 de setembre a les set del vespre.<\/p>\n\n\n\n<p>La fira de llibres pr\u00f2piament, per\u00f2, dona el tret de sortida dissabte amb les activitats m\u00e9s habituals del Riudelletres. Trobareu les parades obertes a partir de les 10 i fins a les 21h i, alhora, al llarg de tot el dia hi haur\u00e0 activitats paral\u00b7leles que animaran al personal. Dissabte a les 11h comen\u00e7ar\u00e0 un debat que es preveu interessant\u00edssim sobre la situaci\u00f3 de la literatura i de la feina de l\u2019escriptor amb 4 il\u00b7lustres representants del col\u00b7lectiu Mir Geribert, un grup d\u2019escriptors i escriptores del Pened\u00e8s que es coordinen per donar-se suport mutu. Hi participaran en Xavier Vernetta, en Josep Tort, la Rosa Nogu\u00e9 i la Merc\u00e8 Foradada per debatre, precisament, sobre la seva feina. El mateix dia per\u00f2 a les 12:30, en Carles Cano, far\u00e0 una narraci\u00f3 oral per a joves i una xerrada posterior sobre com activar l\u2019instint narrador que incidir\u00e0, gran tasca, en com animar els joves a llegir. A la tarda, ser\u00e0 el torn de les activitats infantils amb el conte infantil i taller d\u2019il\u00b7lustraci\u00f3 amb la Lola Rojas i la seva <em>Gea, la flor de la posid\u00f2nia<\/em>, un llibre que ha estat il\u00b7lustrat per la Gl\u00f2ria Tort Mir i publicat per El Cep i la nansa. En acabar, el grup de joves Xivarri jove del poble oferir\u00e0 una xocolatada per tothom.<\/p>\n\n\n\n<p>Pels joves, per\u00f2, no s\u2019haur\u00e0 acabat encara el seu repertori, perqu\u00e8 a les 18h, la Mixa i les Gemminades L\u00eddia G\u00e0squez i Raquel Casas parlaran sobre la literatura juvenil, un tema que des de fa anys el Riudelletres intenta treballar.<\/p>\n\n\n\n<p>I per tancar la jornada de dissabte, 4 autors de novel\u00b7la hist\u00f2rica parlaran sobre el fenomen d\u2019aquest g\u00e8nere i la seva vig\u00e8ncia. Seran la Coia Valls, el Jordi Romeu Carol, la Rosa Maria Prat, l\u2019Alfred Bosch i el Joan Francesc Delgado.<\/p>\n\n\n\n<p>Pel diumenge, l\u2019organitzaci\u00f3 del Riudelletres ha apostat fort per literatura d\u2019alt nivell i han aconseguit que l\u2019Eva Baltasar i la seva editora Maria Bohigas es prestin a un cara a cara amb els lectors dels clubs de lectura del Pened\u00e8s per parlar sobre l\u2019obra de l\u2019autora m\u00e9s internacional que tenim actualment en cartera. Pels petits, per\u00f2, tamb\u00e9 hi haur\u00e0 teca, perqu\u00e8 a les 12h, els nadons fins a 3 anys, podran gaudir del contes de la companyia La botzina i a les 13h seran els infants de 3 a 8 anys que tindran l\u2019ocasi\u00f3 de sentir i participar en els contes per a ells de la mateixa companyia.<\/p>\n\n\n\n<p>I com ja va sent tradici\u00f3 pel Riudelletres, la segona jornada clour\u00e0 amb un concert vermut en aquest cas a c\u00e0rrec del grup Trif\u00e0sic i del t\u00edpic dinar popular a c\u00e0rrec de Can Bardera, una masia del terme que ofereix plats amb productes del pa\u00eds i vi de la seva pr\u00f2pia bodega i que ja dissabte tamb\u00e9 haur\u00e0 deixat tastar a qui ho hagi volgut.<\/p>\n\n\n\n<p>Aquest \u00e9s a grans trets el programa del Riudelletres 2025, per\u00f2&nbsp; \u00e9s que durant les dues jornades hi haur\u00e0 presentacions com la del penedesenc Joan Sol\u00e9 Bordes, del poeta Jep Bargall\u00f3, de l\u2019autora Maria Escalas o de Joan Francesc Delgado entre molts altres. Per\u00f2 \u00e9s que tamb\u00e9 hi haur\u00e0 lectures en veu alta de l\u2019Eva 354, un joc de pistes literari per a infants i joves, servei de bar, sorteigs de lots de llibres per la compra de llibres a les parades i sobretot molta literatura flotant pel barri antic d\u2019aquest poble actiu i literari que \u00e9s Sant Pere de Riudebitlles.<\/p>\n","protected":false},"excerpt":{"rendered":"<p>El Riudelletres 2025 comen\u00e7a amb una pr\u00e8via especial perqu\u00e8 l\u2019autora Elena Solanas presenta el llibre sobre Florencio Pla &#8220;La Pastora\u201d a la biblioteca Maria \u00c0ngels Torrents el divendres 12 de setembre a les set del<\/p>\n","protected":false},"author":1,"featured_media":0,"parent":0,"menu_order":0,"comment_status":"closed","ping_status":"closed","template":"","meta":[],"_links":{"self":[{"href":"https:\/\/riudelletres.cat\/index.php\/wp-json\/wp\/v2\/pages\/1280"}],"collection":[{"href":"https:\/\/riudelletres.cat\/index.php\/wp-json\/wp\/v2\/pages"}],"about":[{"href":"https:\/\/riudelletres.cat\/index.php\/wp-json\/wp\/v2\/types\/page"}],"author":[{"embeddable":true,"href":"https:\/\/riudelletres.cat\/index.php\/wp-json\/wp\/v2\/users\/1"}],"replies":[{"embeddable":true,"href":"https:\/\/riudelletres.cat\/index.php\/wp-json\/wp\/v2\/comments?post=1280"}],"version-history":[{"count":4,"href":"https:\/\/riudelletres.cat\/index.php\/wp-json\/wp\/v2\/pages\/1280\/revisions"}],"predecessor-version":[{"id":1337,"href":"https:\/\/riudelletres.cat\/index.php\/wp-json\/wp\/v2\/pages\/1280\/revisions\/1337"}],"wp:attachment":[{"href":"https:\/\/riudelletres.cat\/index.php\/wp-json\/wp\/v2\/media?parent=1280"}],"curies":[{"name":"wp","href":"https:\/\/api.w.org\/{rel}","templated":true}]}}