{"id":1276,"date":"2025-07-29T12:01:10","date_gmt":"2025-07-29T10:01:10","guid":{"rendered":"https:\/\/riudelletres.cat\/?page_id=1276"},"modified":"2025-07-30T14:29:36","modified_gmt":"2025-07-30T12:29:36","slug":"programa-riudelletres-2025","status":"publish","type":"page","link":"https:\/\/riudelletres.cat\/index.php\/programa-riudelletres-2025\/","title":{"rendered":"Programa Riudelletres 2025"},"content":{"rendered":"\n<p>Aquesta ser\u00e0 la programaci\u00f3 del Riudelletres 2025 que es dur\u00e0 a terme a Sant Pere de Riudebitlles el proper cap de setmana del 13 i 14 de setembre.<\/p>\n\n\n\n<figure class=\"wp-block-image size-large\"><img loading=\"lazy\" width=\"565\" height=\"798\" src=\"https:\/\/riudelletres.cat\/wp-content\/uploads\/2025\/07\/programa-dissabte-1.png\" alt=\"\" class=\"wp-image-1289\" srcset=\"https:\/\/riudelletres.cat\/wp-content\/uploads\/2025\/07\/programa-dissabte-1.png 565w, https:\/\/riudelletres.cat\/wp-content\/uploads\/2025\/07\/programa-dissabte-1-212x300.png 212w\" sizes=\"(max-width: 565px) 100vw, 565px\" \/><\/figure>\n\n\n\n<figure class=\"wp-block-image size-large\"><img loading=\"lazy\" width=\"563\" height=\"794\" src=\"https:\/\/riudelletres.cat\/wp-content\/uploads\/2025\/07\/programa-diumenge.png\" alt=\"\" class=\"wp-image-1278\" srcset=\"https:\/\/riudelletres.cat\/wp-content\/uploads\/2025\/07\/programa-diumenge.png 563w, https:\/\/riudelletres.cat\/wp-content\/uploads\/2025\/07\/programa-diumenge-213x300.png 213w\" sizes=\"(max-width: 563px) 100vw, 563px\" \/><\/figure>\n","protected":false},"excerpt":{"rendered":"<p>Aquesta ser\u00e0 la programaci\u00f3 del Riudelletres 2025 que es dur\u00e0 a terme a Sant Pere de Riudebitlles el proper cap de setmana del 13 i 14 de setembre.<\/p>\n","protected":false},"author":1,"featured_media":0,"parent":0,"menu_order":0,"comment_status":"closed","ping_status":"closed","template":"","meta":[],"_links":{"self":[{"href":"https:\/\/riudelletres.cat\/index.php\/wp-json\/wp\/v2\/pages\/1276"}],"collection":[{"href":"https:\/\/riudelletres.cat\/index.php\/wp-json\/wp\/v2\/pages"}],"about":[{"href":"https:\/\/riudelletres.cat\/index.php\/wp-json\/wp\/v2\/types\/page"}],"author":[{"embeddable":true,"href":"https:\/\/riudelletres.cat\/index.php\/wp-json\/wp\/v2\/users\/1"}],"replies":[{"embeddable":true,"href":"https:\/\/riudelletres.cat\/index.php\/wp-json\/wp\/v2\/comments?post=1276"}],"version-history":[{"count":2,"href":"https:\/\/riudelletres.cat\/index.php\/wp-json\/wp\/v2\/pages\/1276\/revisions"}],"predecessor-version":[{"id":1290,"href":"https:\/\/riudelletres.cat\/index.php\/wp-json\/wp\/v2\/pages\/1276\/revisions\/1290"}],"wp:attachment":[{"href":"https:\/\/riudelletres.cat\/index.php\/wp-json\/wp\/v2\/media?parent=1276"}],"curies":[{"name":"wp","href":"https:\/\/api.w.org\/{rel}","templated":true}]}}