{"id":1200,"date":"2024-08-26T07:14:34","date_gmt":"2024-08-26T05:14:34","guid":{"rendered":"http:\/\/riudelletres.cat\/?page_id=1200"},"modified":"2024-08-26T07:14:34","modified_gmt":"2024-08-26T05:14:34","slug":"programa-riudelletres-2024","status":"publish","type":"page","link":"https:\/\/riudelletres.cat\/index.php\/programa-riudelletres-2024\/","title":{"rendered":"Programa Riudelletres 2024"},"content":{"rendered":"\n<p>El riudelletres 2024 est\u00e0 pensat de manera que durant les dues jornades hi hagi activitats sense parar. D&#8217;aquesta manera, vingueu a l&#8217;hora que vingueu, trobareu alguna xerrada, presentaci\u00f3, joc o concert amb el qual gaudir de la cultura m\u00e9s enll\u00e0 de passejar per les parades de llibres. Us presentem el programa per a qu\u00e8 podeu planificar la vostra visita.<\/p>\n\n\n\n<p><\/p>\n\n\n\n<figure class=\"wp-block-image size-large\"><img loading=\"lazy\" width=\"583\" height=\"826\" src=\"http:\/\/riudelletres.cat\/wp-content\/uploads\/2024\/08\/programa-Riudelletres-2024-dissabte-.jpg\" alt=\"\" class=\"wp-image-1201\" srcset=\"https:\/\/riudelletres.cat\/wp-content\/uploads\/2024\/08\/programa-Riudelletres-2024-dissabte-.jpg 583w, https:\/\/riudelletres.cat\/wp-content\/uploads\/2024\/08\/programa-Riudelletres-2024-dissabte--212x300.jpg 212w\" sizes=\"(max-width: 583px) 100vw, 583px\" \/><\/figure>\n\n\n\n<figure class=\"wp-block-image size-large\"><img loading=\"lazy\" width=\"583\" height=\"826\" src=\"http:\/\/riudelletres.cat\/wp-content\/uploads\/2024\/08\/programa-Riudelletres-2024-diumenge.jpg\" alt=\"\" class=\"wp-image-1202\" srcset=\"https:\/\/riudelletres.cat\/wp-content\/uploads\/2024\/08\/programa-Riudelletres-2024-diumenge.jpg 583w, https:\/\/riudelletres.cat\/wp-content\/uploads\/2024\/08\/programa-Riudelletres-2024-diumenge-212x300.jpg 212w\" sizes=\"(max-width: 583px) 100vw, 583px\" \/><\/figure>\n","protected":false},"excerpt":{"rendered":"<p>El riudelletres 2024 est\u00e0 pensat de manera que durant les dues jornades hi hagi activitats sense parar. D&#8217;aquesta manera, vingueu a l&#8217;hora que vingueu, trobareu alguna xerrada, presentaci\u00f3, joc o concert amb el qual gaudir<\/p>\n","protected":false},"author":1,"featured_media":0,"parent":0,"menu_order":0,"comment_status":"closed","ping_status":"closed","template":"","meta":[],"_links":{"self":[{"href":"https:\/\/riudelletres.cat\/index.php\/wp-json\/wp\/v2\/pages\/1200"}],"collection":[{"href":"https:\/\/riudelletres.cat\/index.php\/wp-json\/wp\/v2\/pages"}],"about":[{"href":"https:\/\/riudelletres.cat\/index.php\/wp-json\/wp\/v2\/types\/page"}],"author":[{"embeddable":true,"href":"https:\/\/riudelletres.cat\/index.php\/wp-json\/wp\/v2\/users\/1"}],"replies":[{"embeddable":true,"href":"https:\/\/riudelletres.cat\/index.php\/wp-json\/wp\/v2\/comments?post=1200"}],"version-history":[{"count":1,"href":"https:\/\/riudelletres.cat\/index.php\/wp-json\/wp\/v2\/pages\/1200\/revisions"}],"predecessor-version":[{"id":1203,"href":"https:\/\/riudelletres.cat\/index.php\/wp-json\/wp\/v2\/pages\/1200\/revisions\/1203"}],"wp:attachment":[{"href":"https:\/\/riudelletres.cat\/index.php\/wp-json\/wp\/v2\/media?parent=1200"}],"curies":[{"name":"wp","href":"https:\/\/api.w.org\/{rel}","templated":true}]}}